{"id":2043,"date":"2017-04-17T03:02:37","date_gmt":"2017-04-17T03:02:37","guid":{"rendered":"http:\/\/www.hospitaltomasuribe.gov.co\/web\/?page_id=2043"},"modified":"2019-12-13T01:44:56","modified_gmt":"2019-12-13T01:44:56","slug":"resena-historica","status":"publish","type":"page","link":"https:\/\/www.hospitaltomasuribe.gov.co\/web\/resena-historica\/","title":{"rendered":"Rese\u00f1a Hist\u00f3rica"},"content":{"rendered":"<div class=\"wpb-content-wrapper\"><p>[vc_row][vc_column width=\u00bb2\/3&#8243;][vc_column_text]En 1947 los se\u00f1ores Ernesto Ortiz M y Manuel Victoria Rojas donaron un lote de 6.400 M2, situados entre las carreras 37 y 38 con Calle 27, para construir el Hospital regional como contribuci\u00f3n al desarrollo de la poblaci\u00f3n Tulue\u00f1a.<\/p>\n<p>Al ponerse ya el terreno se emprendi\u00f3 de inmediato una serie de etapas con largos intervalos, la primera etapa que hab\u00eda de finalizar en 1.949. La segunda etapa se inicia en 1.956, para completar con una tercera fase de la citada construcci\u00f3n que se inicia a finales de 1.961.<\/p>\n<p>Situaciones diversas llevan a suspender de nuevo la construcci\u00f3n. La cuarta etapa se inicia en 1.968 y sufre de nuevo una interrupci\u00f3n. La quinta etapa se emprende a comienzos de 1.971 se suspende para realizar nuevos y amplios contactos con las diferentes entidades estatales para lograr la terminaci\u00f3n de lo que es realidad hoy.<\/p>\n<p>El 21 de febrero de 1.972 es una fecha decisiva para Tulu\u00e1 y sus gentes, por que bajo la direcci\u00f3n del m\u00e9dico Donaldo Libreros Rada se inicia la sexta y \u00faltima etapa de la construcci\u00f3n que finaliza en febrero del siguiente a\u00f1o.<\/p>\n<p>Fueron entonces necesarios 26 largos a\u00f1os para contemplar la realidad de lo que ser\u00eda el hoy Hospital Regional Tom\u00e1s Uribe Uribe.<\/p>\n<p>Tom\u00e1s Uribe Uribe naci\u00f3 en la ciudad de Medell\u00edn, recibi\u00f3 su grado en la escuela de Medicina de Bogot\u00e1, luego viaj\u00f3 a Europa a especializarse en su profesi\u00f3n, de regreso fij\u00f3 su residencia en Tulu\u00e1. Pose\u00eda don de gentes, bondadoso de coraz\u00f3n, su caridad no conoci\u00f3 l\u00edmites y atendi\u00f3 gustosamente a todos los desvalidos. Asoci\u00f3 todos los actos de su vida a la pr\u00e1ctica del bien y fue un desvelado propulsor del progreso moral e intelectual de la ciudad de Tulu\u00e1, por estas razones el hospital tom\u00f3 el nombre en homenaje a este ilustre hombre.<\/p>\n<p>El Hospital Regional de la ciudad de Tulu\u00e1 fue bautizado \u00abTom\u00e1s Uribe Uribe\u00bb, en 1.965 mediante la Ordenanza N\u00b0 40 del mismo y sancionada por el entonces gobernador del departamento del Valle, Humberto Gonzalez Narvaez. Se reglament\u00f3 mediante el Decreto N\u00b0 1055 del 17 de Agosto de 1.972.<\/p>\n<p>El Hospital Tom\u00e1s Uribe Uribe fue inaugurado el 24 de Marzo de 1.973 por el entonces presidente Misael Pastrana B, gobernador del Valle Marino Rengifo Salcedo, Secretario de Salud Departamental Hern\u00e1n P\u00e9rez Alvarez, su primer director fue el Doctor Donaldo Libreros Rada.<\/p>\n<p>Con el paso del tiempo se han presentado modificaciones en su estructura organizacional, debidas al desarrollo de la instituci\u00f3n, y a los nuevos requerimientos del entorno.<\/p>\n<p>Con la expedici\u00f3n de la ley 10\/90, 60\/93 y 100\/93, las instituciones de salud iniciaron un proceso radical de cambio, es as\u00ed como en el a\u00f1o de 1.996 por medio de la ordenanza 005 de Enero 12, se trasforma en Empresa Social del Estado, que le confiere Autonom\u00eda Administrativa y Patrimonio propio.[\/vc_column_text][\/vc_column][vc_column width=\u00bb1\/3&#8243;][vc_single_image image=\u00bb2165&#8243; img_size=\u00bbmedium\u00bb style=\u00bbvc_box_shadow_3d\u00bb][vc_single_image image=\u00bb2168&#8243; img_size=\u00bbmedium\u00bb style=\u00bbvc_box_shadow_3d\u00bb][vc_single_image image=\u00bb2625&#8243; img_size=\u00bbmedium\u00bb][\/vc_column][\/vc_row]<\/p>\n<\/div>","protected":false},"excerpt":{"rendered":"<p>[vc_row][vc_column width=\u00bb2\/3&#8243;][vc_column_text]En 1947 los se\u00f1ores Ernesto Ortiz M y Manuel Victoria Rojas donaron un lote de 6.400 M2, situados entre las carreras 37 y 38 con Calle 27, para construir el Hospital regional como contribuci\u00f3n al desarrollo de la poblaci\u00f3n Tulue\u00f1a. Al ponerse ya el terreno se emprendi\u00f3 de inmediato una serie de etapas con&hellip; <a class=\"continue\" href=\"https:\/\/www.hospitaltomasuribe.gov.co\/web\/resena-historica\/\">seguir leyendo<span> Rese\u00f1a Hist\u00f3rica<\/span><\/a><\/p>\n","protected":false},"author":1,"featured_media":0,"parent":0,"menu_order":0,"comment_status":"closed","ping_status":"closed","template":"","meta":{"om_disable_all_campaigns":false,"_monsterinsights_skip_tracking":false,"_monsterinsights_sitenote_active":false,"_monsterinsights_sitenote_note":"","_monsterinsights_sitenote_category":0,"footnotes":""},"class_list":["post-2043","page","type-page","status-publish","hentry"],"aioseo_notices":[],"_links":{"self":[{"href":"https:\/\/www.hospitaltomasuribe.gov.co\/web\/wp-json\/wp\/v2\/pages\/2043"}],"collection":[{"href":"https:\/\/www.hospitaltomasuribe.gov.co\/web\/wp-json\/wp\/v2\/pages"}],"about":[{"href":"https:\/\/www.hospitaltomasuribe.gov.co\/web\/wp-json\/wp\/v2\/types\/page"}],"author":[{"embeddable":true,"href":"https:\/\/www.hospitaltomasuribe.gov.co\/web\/wp-json\/wp\/v2\/users\/1"}],"replies":[{"embeddable":true,"href":"https:\/\/www.hospitaltomasuribe.gov.co\/web\/wp-json\/wp\/v2\/comments?post=2043"}],"version-history":[{"count":9,"href":"https:\/\/www.hospitaltomasuribe.gov.co\/web\/wp-json\/wp\/v2\/pages\/2043\/revisions"}],"predecessor-version":[{"id":2064,"href":"https:\/\/www.hospitaltomasuribe.gov.co\/web\/wp-json\/wp\/v2\/pages\/2043\/revisions\/2064"}],"wp:attachment":[{"href":"https:\/\/www.hospitaltomasuribe.gov.co\/web\/wp-json\/wp\/v2\/media?parent=2043"}],"curies":[{"name":"wp","href":"https:\/\/api.w.org\/{rel}","templated":true}]}}