{"id":2072,"date":"2017-04-17T03:24:21","date_gmt":"2017-04-17T03:24:21","guid":{"rendered":"http:\/\/www.hospitaltomasuribe.gov.co\/web\/?page_id=2072"},"modified":"2023-01-31T21:24:50","modified_gmt":"2023-01-31T21:24:50","slug":"politica-de-calidad","status":"publish","type":"page","link":"https:\/\/www.hospitaltomasuribe.gov.co\/web\/politica-de-calidad\/","title":{"rendered":"Pol\u00edtica del Sistema de Gesti\u00f3n Integrado de la Calidad, Medio Ambiente y Seguridad y Salud en el Trabajo"},"content":{"rendered":"<div class=\"wpb-content-wrapper\"><p>[vc_row][vc_column][vc_column_text]La E.S.E Hospital Departamental Tomas Uribe Uribe de Tulu\u00e1, Empresa Social del Estado, orienta su gesti\u00f3n hacia la prestaci\u00f3n de servicios seguros, humanizados y de excelencia, centrados en la atenci\u00f3n integral del usuario, la investigaci\u00f3n, innovaci\u00f3n y educaci\u00f3n continua del talento humano; contribuyendo al mejoramiento de las condiciones de salud de la comunidad, generando credibilidad y confianza.<\/p>\n<p>&nbsp;<\/p>\n<p><img fetchpriority=\"high\" decoding=\"async\" class=\" wp-image-3968 aligncenter\" src=\"http:\/\/www.hospitaltomasuribe.gov.co\/web\/wp-content\/uploads\/2023\/01\/POLITICA-SGI-CON-FONDO-HOSPITAL-212x300.jpg\" alt=\"\" width=\"805\" height=\"1140\" srcset=\"https:\/\/www.hospitaltomasuribe.gov.co\/web\/wp-content\/uploads\/2023\/01\/POLITICA-SGI-CON-FONDO-HOSPITAL-212x300.jpg 212w, https:\/\/www.hospitaltomasuribe.gov.co\/web\/wp-content\/uploads\/2023\/01\/POLITICA-SGI-CON-FONDO-HOSPITAL-724x1024.jpg 724w\" sizes=\"(max-width: 805px) 100vw, 805px\" \/>[\/vc_column_text][\/vc_column][\/vc_row]<\/p>\n<\/div>","protected":false},"excerpt":{"rendered":"<p>[vc_row][vc_column][vc_column_text]La E.S.E Hospital Departamental Tomas Uribe Uribe de Tulu\u00e1, Empresa Social del Estado, orienta su gesti\u00f3n hacia la prestaci\u00f3n de servicios seguros, humanizados y de excelencia, centrados en la atenci\u00f3n integral del usuario, la investigaci\u00f3n, innovaci\u00f3n y educaci\u00f3n continua del talento humano; contribuyendo al mejoramiento de las condiciones de salud de la comunidad, generando credibilidad&hellip; <a class=\"continue\" href=\"https:\/\/www.hospitaltomasuribe.gov.co\/web\/politica-de-calidad\/\">seguir leyendo<span> Pol\u00edtica del Sistema de Gesti\u00f3n Integrado de la Calidad, Medio Ambiente y Seguridad y Salud en el Trabajo<\/span><\/a><\/p>\n","protected":false},"author":1,"featured_media":0,"parent":0,"menu_order":0,"comment_status":"closed","ping_status":"closed","template":"","meta":{"om_disable_all_campaigns":false,"_monsterinsights_skip_tracking":false,"_monsterinsights_sitenote_active":false,"_monsterinsights_sitenote_note":"","_monsterinsights_sitenote_category":0,"footnotes":""},"class_list":["post-2072","page","type-page","status-publish","hentry"],"aioseo_notices":[],"_links":{"self":[{"href":"https:\/\/www.hospitaltomasuribe.gov.co\/web\/wp-json\/wp\/v2\/pages\/2072"}],"collection":[{"href":"https:\/\/www.hospitaltomasuribe.gov.co\/web\/wp-json\/wp\/v2\/pages"}],"about":[{"href":"https:\/\/www.hospitaltomasuribe.gov.co\/web\/wp-json\/wp\/v2\/types\/page"}],"author":[{"embeddable":true,"href":"https:\/\/www.hospitaltomasuribe.gov.co\/web\/wp-json\/wp\/v2\/users\/1"}],"replies":[{"embeddable":true,"href":"https:\/\/www.hospitaltomasuribe.gov.co\/web\/wp-json\/wp\/v2\/comments?post=2072"}],"version-history":[{"count":9,"href":"https:\/\/www.hospitaltomasuribe.gov.co\/web\/wp-json\/wp\/v2\/pages\/2072\/revisions"}],"predecessor-version":[{"id":3970,"href":"https:\/\/www.hospitaltomasuribe.gov.co\/web\/wp-json\/wp\/v2\/pages\/2072\/revisions\/3970"}],"wp:attachment":[{"href":"https:\/\/www.hospitaltomasuribe.gov.co\/web\/wp-json\/wp\/v2\/media?parent=2072"}],"curies":[{"name":"wp","href":"https:\/\/api.w.org\/{rel}","templated":true}]}}