{"id":2111,"date":"2017-04-17T04:15:47","date_gmt":"2017-04-17T04:15:47","guid":{"rendered":"http:\/\/www.hospitaltomasuribe.gov.co\/web\/?page_id=2111"},"modified":"2024-07-08T09:15:21","modified_gmt":"2024-07-08T14:15:21","slug":"plan-de-accion","status":"publish","type":"page","link":"https:\/\/www.hospitaltomasuribe.gov.co\/web\/plan-de-accion\/","title":{"rendered":"Plan de Acci\u00f3n"},"content":{"rendered":"<p>&nbsp;<\/p>\n<p>&nbsp;<\/p>\n<p>&nbsp;<\/p>\n<h2>Seguimiento plan de acci\u00f3n a\u00f1o 2024<\/h2>\n<ul>\n<li>\n<h4><a href=\"http:\/\/www.hospitaltomasuribe.gov.co\/web\/wp-content\/uploads\/2024\/07\/Seguimiento-Plan-de-Acci\u00f3n-II-semestre-2024.pdf\">Seguimiento de plan de Acci\u00f3n II trimestre 2024<\/a><\/h4>\n<\/li>\n<li>\n<h4><a href=\"http:\/\/www.hospitaltomasuribe.gov.co\/web\/wp-content\/uploads\/2024\/04\/Seguimiento-Plan-de-Acci\u00f3n-I-semestre-2024.pdf\">Plan de Acci\u00f3n 2024<\/a><\/h4>\n<\/li>\n<\/ul>\n<h2>Seguimiento plan de acci\u00f3n a\u00f1o 2023<\/h2>\n<ul>\n<li>\n<h4><a href=\"http:\/\/www.hospitaltomasuribe.gov.co\/web\/wp-content\/uploads\/2023\/08\/Plan-de-Acci\u00f3n-2023-1.pdf\">Plan de Acci\u00f3n 2023<\/a><\/h4>\n<\/li>\n<li>\n<h4><a href=\"http:\/\/www.hospitaltomasuribe.gov.co\/web\/wp-content\/uploads\/2023\/08\/Seguimiento-Plan-de-Acci\u00f3n-I-trimestre-2023-1.pdf\">Seguimiento plan de acci\u00f3n I trimestre<\/a><\/h4>\n<\/li>\n<li>\n<h4><strong><a href=\"http:\/\/www.hospitaltomasuribe.gov.co\/web\/wp-content\/uploads\/2023\/08\/Seguimiento-Plan-de-Acci\u00f3n-II-trimestre-2023.pdf\">Seguimiento plan de acci\u00f3n II trimestre<\/a><\/strong><\/h4>\n<\/li>\n<li>\n<h4><a href=\"http:\/\/www.hospitaltomasuribe.gov.co\/web\/wp-content\/uploads\/2023\/11\/Seguimiento-Plan-de-Acci\u00f3n-III-trimestre-2023.pdf\">Seguimiento Plan de Acci\u00f3n III trimestre<\/a><\/h4>\n<\/li>\n<li>\n<h4><a href=\"http:\/\/www.hospitaltomasuribe.gov.co\/web\/wp-content\/uploads\/2024\/01\/Seguimiento-Plan-de-Acci\u00f3n-IV-trimestre-2023.pdf\">Seguimiento Plan de Acci\u00f3n IV trimestre<\/a><\/h4>\n<\/li>\n<\/ul>\n<h2>Seguimiento plan de acci\u00f3n a\u00f1o 2022<\/h2>\n<ul>\n<li>\n<h4><a href=\"http:\/\/www.hospitaltomasuribe.gov.co\/web\/wp-content\/uploads\/2022\/09\/Plan-de-Acci\u00f3n-2022.pdf\">Plan de Acci\u00f3n 2022<\/a><\/h4>\n<\/li>\n<li>\n<h4><a href=\"http:\/\/www.hospitaltomasuribe.gov.co\/web\/wp-content\/uploads\/2022\/11\/Seguimiento-Plan-Acci\u00f3n-I-trimestre-2022.pdf\">Seguimiento plan de acci\u00f3n I trimestre<\/a><\/h4>\n<\/li>\n<li>\n<h4><a href=\"http:\/\/www.hospitaltomasuribe.gov.co\/web\/wp-content\/uploads\/2022\/11\/Seguimiento-Plan-Acci\u00f3n-II-trimestre-2022.pdf\">Seguimiento plan de acci\u00f3n II trimestre<\/a><\/h4>\n<\/li>\n<li>\n<h4><a href=\"http:\/\/www.hospitaltomasuribe.gov.co\/web\/wp-content\/uploads\/2022\/11\/Seguimiento-Plan-Acci\u00f3n-III-trimestre-2022.pdf\">Seguimiento plan de acci\u00f3n III trimestre<\/a><\/h4>\n<\/li>\n<li>\n<h4><a href=\"http:\/\/www.hospitaltomasuribe.gov.co\/web\/wp-content\/uploads\/2023\/01\/Seguimiento-Plan-Acci\u00f3n-IV-trimestre-2022.pdf\">Seguimiento plan de acci\u00f3n IV trimestre<\/a><\/h4>\n<\/li>\n<\/ul>\n","protected":false},"excerpt":{"rendered":"<p>&nbsp; &nbsp; &nbsp; Seguimiento plan de acci\u00f3n a\u00f1o 2024 Seguimiento de plan de Acci\u00f3n II trimestre 2024 Plan de Acci\u00f3n 2024 Seguimiento plan de acci\u00f3n a\u00f1o 2023 Plan de Acci\u00f3n 2023 Seguimiento plan de acci\u00f3n I trimestre Seguimiento plan de acci\u00f3n II trimestre Seguimiento Plan de Acci\u00f3n III trimestre Seguimiento Plan de Acci\u00f3n IV trimestre&hellip; <a class=\"continue\" href=\"https:\/\/www.hospitaltomasuribe.gov.co\/web\/plan-de-accion\/\">seguir leyendo<span> Plan de Acci\u00f3n<\/span><\/a><\/p>\n","protected":false},"author":1,"featured_media":0,"parent":0,"menu_order":0,"comment_status":"closed","ping_status":"closed","template":"","meta":{"om_disable_all_campaigns":false,"_monsterinsights_skip_tracking":false,"_monsterinsights_sitenote_active":false,"_monsterinsights_sitenote_note":"","_monsterinsights_sitenote_category":0,"footnotes":""},"class_list":["post-2111","page","type-page","status-publish","hentry"],"aioseo_notices":[],"_links":{"self":[{"href":"https:\/\/www.hospitaltomasuribe.gov.co\/web\/wp-json\/wp\/v2\/pages\/2111"}],"collection":[{"href":"https:\/\/www.hospitaltomasuribe.gov.co\/web\/wp-json\/wp\/v2\/pages"}],"about":[{"href":"https:\/\/www.hospitaltomasuribe.gov.co\/web\/wp-json\/wp\/v2\/types\/page"}],"author":[{"embeddable":true,"href":"https:\/\/www.hospitaltomasuribe.gov.co\/web\/wp-json\/wp\/v2\/users\/1"}],"replies":[{"embeddable":true,"href":"https:\/\/www.hospitaltomasuribe.gov.co\/web\/wp-json\/wp\/v2\/comments?post=2111"}],"version-history":[{"count":15,"href":"https:\/\/www.hospitaltomasuribe.gov.co\/web\/wp-json\/wp\/v2\/pages\/2111\/revisions"}],"predecessor-version":[{"id":6642,"href":"https:\/\/www.hospitaltomasuribe.gov.co\/web\/wp-json\/wp\/v2\/pages\/2111\/revisions\/6642"}],"wp:attachment":[{"href":"https:\/\/www.hospitaltomasuribe.gov.co\/web\/wp-json\/wp\/v2\/media?parent=2111"}],"curies":[{"name":"wp","href":"https:\/\/api.w.org\/{rel}","templated":true}]}}