{"id":2641,"date":"2019-12-13T01:58:15","date_gmt":"2019-12-13T01:58:15","guid":{"rendered":"http:\/\/www.hospitaltomasuribe.gov.co\/web\/?page_id=2641"},"modified":"2022-12-01T21:59:25","modified_gmt":"2022-12-01T21:59:25","slug":"politica-de-humanizacion","status":"publish","type":"page","link":"https:\/\/www.hospitaltomasuribe.gov.co\/web\/politica-de-humanizacion\/","title":{"rendered":"Pol\u00edtica de Humanizaci\u00f3n"},"content":{"rendered":"<div class=\"wpb-content-wrapper\"><p>[vc_row][vc_column width=\u00bb1\/2&#8243;][vc_column_text]<\/p>\n<div style=\"width: 700px;\" class=\"wp-video\"><!--[if lt IE 9]><script>document.createElement('video');<\/script><![endif]-->\n<video class=\"wp-video-shortcode\" id=\"video-2641-1\" width=\"700\" height=\"400\" preload=\"metadata\" controls=\"controls\"><source type=\"video\/mp4\" src=\"http:\/\/www.hospitaltomasuribe.gov.co\/web\/wp-content\/uploads\/2022\/11\/HUMANIZACION-2.mp4?_=1\" \/><a href=\"http:\/\/www.hospitaltomasuribe.gov.co\/web\/wp-content\/uploads\/2022\/11\/HUMANIZACION-2.mp4\">http:\/\/www.hospitaltomasuribe.gov.co\/web\/wp-content\/uploads\/2022\/11\/HUMANIZACION-2.mp4<\/a><\/video><\/div>\n<p>[\/vc_column_text][\/vc_column][vc_column width=\u00bb1\/2&#8243;][vc_single_image image=\u00bb3714&#8243; img_size=\u00bbmedium\u00bb alignment=\u00bbcenter\u00bb][\/vc_column][vc_column][vc_column_text]La Pol\u00edtica de Humanizaci\u00f3n de la E.S.E Hospital Departamental Tom\u00e1s Uribe Uribe de Tulu\u00e1 Empresa Social del Estado, promueve y privilegia la atenci\u00f3n en salud humanizada centrada en el paciente, su familia y los colaboradores (AHCP), asegurando e incentivando el <strong>respeto<\/strong>, <strong>la privacidad<\/strong> y <strong>dignidad<\/strong>, a trav\u00e9s del cumplimiento de los <strong>derechos<\/strong> y <strong>deberes<\/strong> del <strong>paciente<\/strong>, generando experiencias positivas que mejores la salud de los pacientes durante su ciclo de atenci\u00f3n, basado en los atributos de calidad que establece el sistema obligatorio de garant\u00eda de la calidad en salud.[\/vc_column_text][\/vc_column][\/vc_row]<\/p>\n<\/div>","protected":false},"excerpt":{"rendered":"<p>[vc_row][vc_column width=\u00bb1\/2&#8243;][vc_column_text] [\/vc_column_text][\/vc_column][vc_column width=\u00bb1\/2&#8243;][vc_single_image image=\u00bb3714&#8243; img_size=\u00bbmedium\u00bb alignment=\u00bbcenter\u00bb][\/vc_column][vc_column][vc_column_text]La Pol\u00edtica de Humanizaci\u00f3n de la E.S.E Hospital Departamental Tom\u00e1s Uribe Uribe de Tulu\u00e1 Empresa Social del Estado, promueve y privilegia la atenci\u00f3n en salud humanizada centrada en el paciente, su familia y los colaboradores (AHCP), asegurando e incentivando el respeto, la privacidad y dignidad, a trav\u00e9s del cumplimiento&hellip; <a class=\"continue\" href=\"https:\/\/www.hospitaltomasuribe.gov.co\/web\/politica-de-humanizacion\/\">seguir leyendo<span> Pol\u00edtica de Humanizaci\u00f3n<\/span><\/a><\/p>\n","protected":false},"author":1,"featured_media":0,"parent":0,"menu_order":0,"comment_status":"closed","ping_status":"closed","template":"","meta":{"om_disable_all_campaigns":false,"_monsterinsights_skip_tracking":false,"_monsterinsights_sitenote_active":false,"_monsterinsights_sitenote_note":"","_monsterinsights_sitenote_category":0,"footnotes":""},"class_list":["post-2641","page","type-page","status-publish","hentry"],"aioseo_notices":[],"_links":{"self":[{"href":"https:\/\/www.hospitaltomasuribe.gov.co\/web\/wp-json\/wp\/v2\/pages\/2641"}],"collection":[{"href":"https:\/\/www.hospitaltomasuribe.gov.co\/web\/wp-json\/wp\/v2\/pages"}],"about":[{"href":"https:\/\/www.hospitaltomasuribe.gov.co\/web\/wp-json\/wp\/v2\/types\/page"}],"author":[{"embeddable":true,"href":"https:\/\/www.hospitaltomasuribe.gov.co\/web\/wp-json\/wp\/v2\/users\/1"}],"replies":[{"embeddable":true,"href":"https:\/\/www.hospitaltomasuribe.gov.co\/web\/wp-json\/wp\/v2\/comments?post=2641"}],"version-history":[{"count":9,"href":"https:\/\/www.hospitaltomasuribe.gov.co\/web\/wp-json\/wp\/v2\/pages\/2641\/revisions"}],"predecessor-version":[{"id":3790,"href":"https:\/\/www.hospitaltomasuribe.gov.co\/web\/wp-json\/wp\/v2\/pages\/2641\/revisions\/3790"}],"wp:attachment":[{"href":"https:\/\/www.hospitaltomasuribe.gov.co\/web\/wp-json\/wp\/v2\/media?parent=2641"}],"curies":[{"name":"wp","href":"https:\/\/api.w.org\/{rel}","templated":true}]}}