{"id":3126,"date":"2022-09-26T14:08:37","date_gmt":"2022-09-26T14:08:37","guid":{"rendered":"http:\/\/www.hospitaltomasuribe.gov.co\/web\/?page_id=3126"},"modified":"2023-09-01T16:00:32","modified_gmt":"2023-09-01T16:00:32","slug":"participa","status":"publish","type":"page","link":"https:\/\/www.hospitaltomasuribe.gov.co\/web\/participa\/","title":{"rendered":"Participa"},"content":{"rendered":"<div style=\"width: 848px;\" class=\"wp-video\"><!--[if lt IE 9]><script>document.createElement('video');<\/script><![endif]-->\n<video class=\"wp-video-shortcode\" id=\"video-3126-1\" width=\"848\" height=\"480\" preload=\"metadata\" controls=\"controls\"><source type=\"video\/mp4\" src=\"http:\/\/www.hospitaltomasuribe.gov.co\/web\/wp-content\/uploads\/2022\/09\/Participaci\u00f3n-ciudadana.mp4?_=1\" \/><a href=\"http:\/\/www.hospitaltomasuribe.gov.co\/web\/wp-content\/uploads\/2022\/09\/Participaci\u00f3n-ciudadana.mp4\">http:\/\/www.hospitaltomasuribe.gov.co\/web\/wp-content\/uploads\/2022\/09\/Participaci\u00f3n-ciudadana.mp4<\/a><\/video><\/div>\n<p>&nbsp;<\/p>\n<p><span class=\"TextRun Highlight SCXW250301140 BCX0\" lang=\"ES-CO\" xml:lang=\"ES-CO\" data-contrast=\"none\"><span class=\"NormalTextRun SCXW250301140 BCX0\">En esta secci\u00f3n encontraras toda la informaci\u00f3n relacionada a los espacios, mecanismos y acciones que permiten la participaci\u00f3n ciudadana en <\/span><\/span><span class=\"TextRun Highlight SCXW250301140 BCX0\" lang=\"ES-CO\" xml:lang=\"ES-CO\" data-contrast=\"none\"><span class=\"NormalTextRun SCXW250301140 BCX0\">el Hospital<\/span><span class=\"NormalTextRun SCXW250301140 BCX0\"> Departamental Tom\u00e1s Uribe <\/span><span class=\"NormalTextRun SpellingErrorV2Themed SpellingErrorHighlight SCXW250301140 BCX0\">Uribe<\/span><span class=\"NormalTextRun SCXW250301140 BCX0\"> de Tulu\u00e1<\/span><\/span><span class=\"TextRun Highlight SCXW250301140 BCX0\" lang=\"ES-CO\" xml:lang=\"ES-CO\" data-contrast=\"none\"><span class=\"NormalTextRun SCXW250301140 BCX0\">, esto con el prop\u00f3sito de dinamizar con la vinculaci\u00f3n de la ciudadan\u00eda en las decisiones y acciones p\u00fablicas durante el diagn\u00f3stico, formulaci\u00f3n, implementaci\u00f3n, <\/span><span class=\"NormalTextRun SCXW250301140 BCX0\">evaluaci\u00f3n y seguimiento a la gesti\u00f3n institucional a trav\u00e9s de su sitio web institucional. \u00a1Bienvenidos!<\/span><\/span><span class=\"EOP SCXW250301140 BCX0\" data-ccp-props=\"{&quot;201341983&quot;:0,&quot;335551550&quot;:6,&quot;335551620&quot;:6,&quot;335559739&quot;:160,&quot;335559740&quot;:259}\">\u00a0<\/span><\/p>\n<p>&nbsp;<\/p>\n<h2><a href=\"http:\/\/www.hospitaltomasuribe.gov.co\/web\/eventos-academicos\/\" target=\"_blank\" rel=\"noopener\">Eventos acad\u00e9micos<\/a><\/h2>\n<h2><a href=\"http:\/\/www.hospitaltomasuribe.gov.co\/web\/grupo-gecoi\/\">Gesti\u00f3n del Conocimiento<\/a><\/h2>\n<h2><a href=\"http:\/\/www.hospitaltomasuribe.gov.co\/web\/innovacion\/\">Innovaci\u00f3n<\/a><\/h2>\n<p>&nbsp;<\/p>\n","protected":false},"excerpt":{"rendered":"<p>&nbsp; En esta secci\u00f3n encontraras toda la informaci\u00f3n relacionada a los espacios, mecanismos y acciones que permiten la participaci\u00f3n ciudadana en el Hospital Departamental Tom\u00e1s Uribe Uribe de Tulu\u00e1, esto con el prop\u00f3sito de dinamizar con la vinculaci\u00f3n de la ciudadan\u00eda en las decisiones y acciones p\u00fablicas durante el diagn\u00f3stico, formulaci\u00f3n, implementaci\u00f3n, evaluaci\u00f3n y seguimiento&hellip; <a class=\"continue\" href=\"https:\/\/www.hospitaltomasuribe.gov.co\/web\/participa\/\">seguir leyendo<span> Participa<\/span><\/a><\/p>\n","protected":false},"author":1,"featured_media":3574,"parent":0,"menu_order":0,"comment_status":"closed","ping_status":"closed","template":"","meta":{"om_disable_all_campaigns":false,"_monsterinsights_skip_tracking":false,"_monsterinsights_sitenote_active":false,"_monsterinsights_sitenote_note":"","_monsterinsights_sitenote_category":0,"footnotes":""},"class_list":["post-3126","page","type-page","status-publish","has-post-thumbnail","hentry"],"aioseo_notices":[],"_links":{"self":[{"href":"https:\/\/www.hospitaltomasuribe.gov.co\/web\/wp-json\/wp\/v2\/pages\/3126"}],"collection":[{"href":"https:\/\/www.hospitaltomasuribe.gov.co\/web\/wp-json\/wp\/v2\/pages"}],"about":[{"href":"https:\/\/www.hospitaltomasuribe.gov.co\/web\/wp-json\/wp\/v2\/types\/page"}],"author":[{"embeddable":true,"href":"https:\/\/www.hospitaltomasuribe.gov.co\/web\/wp-json\/wp\/v2\/users\/1"}],"replies":[{"embeddable":true,"href":"https:\/\/www.hospitaltomasuribe.gov.co\/web\/wp-json\/wp\/v2\/comments?post=3126"}],"version-history":[{"count":10,"href":"https:\/\/www.hospitaltomasuribe.gov.co\/web\/wp-json\/wp\/v2\/pages\/3126\/revisions"}],"predecessor-version":[{"id":4942,"href":"https:\/\/www.hospitaltomasuribe.gov.co\/web\/wp-json\/wp\/v2\/pages\/3126\/revisions\/4942"}],"wp:featuredmedia":[{"embeddable":true,"href":"https:\/\/www.hospitaltomasuribe.gov.co\/web\/wp-json\/wp\/v2\/media\/3574"}],"wp:attachment":[{"href":"https:\/\/www.hospitaltomasuribe.gov.co\/web\/wp-json\/wp\/v2\/media?parent=3126"}],"curies":[{"name":"wp","href":"https:\/\/api.w.org\/{rel}","templated":true}]}}