{"id":3206,"date":"2022-09-30T15:09:57","date_gmt":"2022-09-30T15:09:57","guid":{"rendered":"http:\/\/www.hospitaltomasuribe.gov.co\/web\/?page_id=3206"},"modified":"2023-08-11T15:32:58","modified_gmt":"2023-08-11T15:32:58","slug":"condiciones-de-uso-y-politica-de-privacidad","status":"publish","type":"page","link":"https:\/\/www.hospitaltomasuribe.gov.co\/web\/condiciones-de-uso-y-politica-de-privacidad\/","title":{"rendered":"Condiciones de uso y pol\u00edtica de privacidad"},"content":{"rendered":"<div class=\"wpb-content-wrapper\"><p>[vc_row][vc_column][vc_column_text css_animation=\u00bbnone\u00bb]<a href=\"http:\/\/www.hospitaltomasuribe.gov.co\/web\/wp-content\/uploads\/2022\/10\/Pol\u00edtica-de-gobierno-y-seguridad-digital.pdf\">Pol\u00edtica de gobierno y seguridad digital<\/a><\/p>\n<p><a href=\"http:\/\/www.hospitaltomasuribe.gov.co\/web\/wp-content\/uploads\/2022\/10\/Manual-de-seguridad-digital.pdf\">Manual de seguridad digital<\/a><\/p>\n<p><a href=\"http:\/\/www.hospitaltomasuribe.gov.co\/web\/wp-content\/uploads\/2023\/08\/POLITICA-DE-PRIVACIDAD-Y-TRATAMIENTO-DE-DATOS.pdf\">Politica de privacidad y tratamiento de datos<\/a><\/p>\n<p><a href=\"http:\/\/www.hospitaltomasuribe.gov.co\/web\/wp-content\/uploads\/2023\/02\/PLAN-INSTITUCIONAL-DE-TRATAMIENTO-DE-RIESGOS-DE-SEGURIDAD-Y-PRIVACIDAD-DE-LA-INFORMACI\u00d3N.pdf\">Plan institucional de tratamiento de riesgos de seguridad y privacidad de la informaci\u00f3n<\/a><\/p>\n<p><a href=\"http:\/\/www.hospitaltomasuribe.gov.co\/web\/wp-content\/uploads\/2023\/01\/Aviso-de-privacidad-y-tratamiento-de-datos-personales-2023.pdf\">Aviso de privacidad y tratamiento de datos<\/a>[\/vc_column_text][vc_tta_accordion style=\u00bbmodern\u00bb color=\u00bbsky\u00bb active_section=\u00bb\u00bb css_animation=\u00bbbounceInUp\u00bb collapsible_all=\u00bbtrue\u00bb title=\u00bbT\u00e9rminos y condiciones\u00bb][vc_tta_section title=\u00bbACEPTACI\u00d3N DE T\u00c9RMINOS \u2705\u00bb tab_id=\u00bb1676559645791-a539cec8-64a0&#8243;][vc_column_text]La prestaci\u00f3n del sitio Web del <strong>Hospital Departamental Tomas Uribe Uribe de Tulu\u00e1,<\/strong> es de car\u00e1cter libre y gratuito para los usuarios y se rige por los t\u00e9rminos y condiciones (Vistas en los enlaces compartidos en la parte superior de esta p\u00e1gina), los cuales se entienden como conocidos y aceptados por los Ciudadanos-Usuarios del sitio. El uso de los datos personales del usuario se encuentra sujetos a la <a href=\"http:\/\/www.hospitaltomasuribe.gov.co\/web\/wp-content\/uploads\/2023\/02\/POLITICA-DE-PRIVACIDAD-Y-TRATAMIENTO-DE-DATOS-FIRMADA-OK.pdf\">Politica de privacidad y tratamiento de datos<\/a>.<\/p>\n<p><strong>El\u00a0Hospital Departamental Tomas Uribe Uribe<\/strong> se reserva el derecho de revisar y modificar de manera unilateral estos t\u00e9rminos y condiciones de uso o la informaci\u00f3n contenida en el sitio web en cualquier momento sin aviso previo, mediante la actualizaci\u00f3n de este anuncio. Tambi\u00e9n puede realizar mejoras o cambios en los servicios descritos en este sitio web en cualquier momento y sin previo aviso.<\/p>\n<p>La informaci\u00f3n contenida en este sitio es p\u00fablica en los t\u00e9rminos se\u00f1alados en la Ley 1712 de 2014 (<a href=\"http:\/\/www.hospitaltomasuribe.gov.co\/web\/transparencia\/\">ley de Transparencia y del Derecho de Acceso a la Informaci\u00f3n P\u00fablica Nacional<\/a>). Por tanto, toda la informaci\u00f3n que se publique puede ser accedida por cualquier persona que la requiera.<\/p>\n<p><strong>El Hospital Departamental Tomas Uribe Uribe<\/strong> no busca ning\u00fan lucro, ganancia o inter\u00e9s comercial con los contenidos o links que se publican en su sitio web y en las p\u00e1ginas web de otras entidades vinculadas, a los cuales se accede a trav\u00e9s del sitio web, por tal motivo se le solicita al usuario de este sitio, que lea detallada y juiciosamente estas condiciones de uso y la <a href=\"http:\/\/www.hospitaltomasuribe.gov.co\/web\/wp-content\/uploads\/2023\/02\/POLITICA-DE-PRIVACIDAD-Y-TRATAMIENTO-DE-DATOS-FIRMADA-OK.pdf\">Politica de privacidad y tratamiento de datos.<\/a>[\/vc_column_text][\/vc_tta_section][vc_tta_section title=\u00bbUSO DEL SITIO WEB POR PARTE DE LOS MENORES DE EDAD \ud83d\udd1e\u00bb tab_id=\u00bb1676559645806-d33a8f44-cf95&#8243;][vc_column_text]Los menores de 18 a\u00f1os no deber\u00e1n ingresar ni utilizar los servicios que prestan la p\u00e1gina sin el previo consentimiento de sus padres, tutores o cuidadores.<\/p>\n<p><strong>El Hospital Departamental Tomas Uribe Uribe<\/strong> manifiesta, conforme a las disposiciones del c\u00f3digo del menor o de las leyes aplicables, que el objeto de la p\u00e1gina no es atentar contra la moral, la salud f\u00edsica, ni mental de los menores de edad, u obtener informaci\u00f3n confidencial e \u00edntima del usuario con el prop\u00f3sito de usarla en su contra. Los padres, tutores o cuidadores del usuario menor de edad\u00a0 son responsables totalmente por la utilizaci\u00f3n que el usuario menor de edad haga de la plataforma.[\/vc_column_text][\/vc_tta_section][vc_tta_section title=\u00bbINFORMACI\u00d3N Y SITIOS WEB DE TERCEROS \u203c\ufe0f\u00bb tab_id=\u00bb1676575729503-5668fd7d-b56f\u00bb][vc_column_text]<strong>El Hospital Departamental Tomas Uribe Uribe de Tulu\u00e1<\/strong> puede contener enlaces o acceso a sitios web y contenidos de otras personas o entidades, pero no se hace responsable de su contenido, no controla, refrenda ni garantiza el contenido incluido en dichos sitios, tampoco se responsabiliza del funcionamiento o accesibilidad de las p\u00e1ginas web vinculadas; ni sugiere, invita o recomienda la visita a las mismas, por lo que tampoco ser\u00e1 responsable del resultado obtenido, incluidos los cambios o actualizaciones realizados en el sitio enlazado o la exactitud o integridad de la informaci\u00f3n que se proporciona all\u00ed.<\/p>\n<p>En consecuencia, los Ciudadanos-Usuarios aceptan que el <strong>Hospital Departamental Tomas Uribe Uribe<\/strong> no es responsable de ning\u00fan contenido, enlace asociado, recurso o servicio asociado al sitio de un tercero, ni ser\u00e1 responsable de ninguna p\u00e9rdida o da\u00f1o de cualquier tipo que se derive del uso que se realice de los contenidos de terceros.<\/p>\n<p><strong>El Hospital Departamental Tomas Uribe Uribe<\/strong> proporciona los enlaces para su conveniencia y la existencia de estos en nuestro sitio web no implica que el <strong>Hospital Departamental Tomas Uribe Uribe<\/strong> apruebe o mantenga relaciones contractuales vigentes con las organizaciones o compa\u00f1\u00edas a la que se enlaza, o a sus productos o servicios y viceversa para las organizaciones o compa\u00f1\u00edas que se enlacen al sitio web.[\/vc_column_text][\/vc_tta_section][vc_tta_section title=\u00bbAVISO LEGAL \u26a0\ufe0f\u00bb tab_id=\u00bb1676580904253-d2f7a9ec-5f2e\u00bb][vc_column_text]<\/p>\n<div id=\"ui-id-10\" class=\"ui-accordion-content ui-corner-bottom ui-helper-reset ui-widget-content ui-accordion-content-active\" role=\"tabpanel\" aria-labelledby=\"ui-id-9\" aria-hidden=\"false\">\n<p><strong>El Hospital Departamental Tomas Uribe Uribe de Tulu\u00e1,<\/strong>\u00a0se reserva el derecho de cambiar los t\u00e9rminos y condiciones de uso en cualquier momento, con vigencia inmediata a partir del momento que se actualiza el sitio web. Se considerar\u00e1 que los Ciudadanos-Usuario han le\u00eddo y aceptado los t\u00e9rminos y condiciones de uso para usar, acceder, descargar, obtener o brindar informaci\u00f3n hacia la p\u00e1gina web, por tal motivo el Ciudadano &#8211; Usuario declara que es consciente de que el contenido insertado es de exclusiva responsabilidad de cada una de las entidades que lo publican. El uso que el Ciudadano-Usuario haga del sitio web queda bajo su \u00fanica responsabilidad y se rechaza toda responsabilidad por la disponibilidad, oportunidad, seguridad y calidad de la del sitio web u otros productos, servicios e informaci\u00f3n obtenidos a trav\u00e9s del sitio. No somos responsables de la precisi\u00f3n o la fiabilidad de cualquier informaci\u00f3n o consejo transmitido a trav\u00e9s de este. Los sitios vinculados por enlace no est\u00e1n sometidos al control del <strong>Hospital Departamental Tomas Uribe Uribe<\/strong>, por lo que \u00e9sta no se responsabiliza del contenido de sitios vinculados ni de enlaces incluidos en el sitio.<\/p>\n<\/div>\n<h3 id=\"ui-id-11\" class=\"ui-accordion-header ui-corner-top ui-state-default ui-accordion-icons ui-accordion-header-collapsed ui-corner-all\" tabindex=\"-1\" role=\"tab\" aria-controls=\"ui-id-12\" aria-selected=\"false\" aria-expanded=\"false\"><\/h3>\n<p>[\/vc_column_text][\/vc_tta_section][vc_tta_section title=\u00bbDEBERES Y PROHIBICIONES DE LOS CIUDADANOS \ud83d\udeab\u00bb tab_id=\u00bb1676584443559-db2df1e1-9f8e\u00bb][vc_column_text]El Ciudadano-Usuario se obliga a no introducir en el sitio, informaci\u00f3n de car\u00e1cter ofensivo o agraviante o que contenga amenazas, u otros programas perjudiciales o mecanismos para captar o distorsionar informaci\u00f3n contenida en el sitio web de la instituci\u00f3n. Adem\u00e1s, no podr\u00e1 cargar, publicar, enviar mensaje de correo electr\u00f3nico, transmitir o de otro modo proporcionar contenido il\u00edcito, nocivo, abusivo, hostil, difamatorio, discriminatorio, vulgar e injurioso, o cargar contenidos que puedan generar dificultades en la operaci\u00f3n del sistema de este sitio web. El Usuario &#8211; ciudadano se abstendr\u00e1 de realizar declaraciones falsas o de otro modo err\u00f3neas de su vinculaci\u00f3n con una persona f\u00edsica o jur\u00eddica o almacenar datos personales.[\/vc_column_text][\/vc_tta_section][\/vc_tta_accordion][\/vc_column][\/vc_row]<\/p>\n<\/div>","protected":false},"excerpt":{"rendered":"<p>[vc_row][vc_column][vc_column_text css_animation=\u00bbnone\u00bb]Pol\u00edtica de gobierno y seguridad digital Manual de seguridad digital Politica de privacidad y tratamiento de datos Plan institucional de tratamiento de riesgos de seguridad y privacidad de la informaci\u00f3n Aviso de privacidad y tratamiento de datos[\/vc_column_text][vc_tta_accordion style=\u00bbmodern\u00bb color=\u00bbsky\u00bb active_section=\u00bb\u00bb css_animation=\u00bbbounceInUp\u00bb collapsible_all=\u00bbtrue\u00bb title=\u00bbT\u00e9rminos y condiciones\u00bb][vc_tta_section title=\u00bbACEPTACI\u00d3N DE T\u00c9RMINOS \u2705\u00bb tab_id=\u00bb1676559645791-a539cec8-64a0&#8243;][vc_column_text]La prestaci\u00f3n del sitio Web&hellip; <a class=\"continue\" href=\"https:\/\/www.hospitaltomasuribe.gov.co\/web\/condiciones-de-uso-y-politica-de-privacidad\/\">seguir leyendo<span> Condiciones de uso y pol\u00edtica de privacidad<\/span><\/a><\/p>\n","protected":false},"author":1,"featured_media":0,"parent":0,"menu_order":0,"comment_status":"closed","ping_status":"closed","template":"","meta":{"om_disable_all_campaigns":false,"_monsterinsights_skip_tracking":false,"_monsterinsights_sitenote_active":false,"_monsterinsights_sitenote_note":"","_monsterinsights_sitenote_category":0,"footnotes":""},"class_list":["post-3206","page","type-page","status-publish","hentry"],"aioseo_notices":[],"_links":{"self":[{"href":"https:\/\/www.hospitaltomasuribe.gov.co\/web\/wp-json\/wp\/v2\/pages\/3206"}],"collection":[{"href":"https:\/\/www.hospitaltomasuribe.gov.co\/web\/wp-json\/wp\/v2\/pages"}],"about":[{"href":"https:\/\/www.hospitaltomasuribe.gov.co\/web\/wp-json\/wp\/v2\/types\/page"}],"author":[{"embeddable":true,"href":"https:\/\/www.hospitaltomasuribe.gov.co\/web\/wp-json\/wp\/v2\/users\/1"}],"replies":[{"embeddable":true,"href":"https:\/\/www.hospitaltomasuribe.gov.co\/web\/wp-json\/wp\/v2\/comments?post=3206"}],"version-history":[{"count":15,"href":"https:\/\/www.hospitaltomasuribe.gov.co\/web\/wp-json\/wp\/v2\/pages\/3206\/revisions"}],"predecessor-version":[{"id":4861,"href":"https:\/\/www.hospitaltomasuribe.gov.co\/web\/wp-json\/wp\/v2\/pages\/3206\/revisions\/4861"}],"wp:attachment":[{"href":"https:\/\/www.hospitaltomasuribe.gov.co\/web\/wp-json\/wp\/v2\/media?parent=3206"}],"curies":[{"name":"wp","href":"https:\/\/api.w.org\/{rel}","templated":true}]}}