{"id":3268,"date":"2022-09-30T20:56:50","date_gmt":"2022-09-30T20:56:50","guid":{"rendered":"http:\/\/www.hospitaltomasuribe.gov.co\/web\/?page_id=3268"},"modified":"2024-02-27T11:06:29","modified_gmt":"2024-02-27T16:06:29","slug":"plan-de-adquisiciones","status":"publish","type":"page","link":"https:\/\/www.hospitaltomasuribe.gov.co\/web\/plan-de-adquisiciones\/","title":{"rendered":"Plan de adquisiciones"},"content":{"rendered":"<h1><\/h1>\n<p>&nbsp;<\/p>\n<p>&nbsp;<\/p>\n<p>&nbsp;<\/p>\n<h1>A\u00d1O 2024<\/h1>\n<ul>\n<li><a href=\"http:\/\/www.hospitaltomasuribe.gov.co\/web\/wp-content\/uploads\/2023\/12\/PLAN-ANUAL-DE-ADQUISICIONES-VIGENCIA-2024.pdf\">Plan anual de adquisici\u00f3n 2024<\/a><\/li>\n<li><a href=\"http:\/\/www.hospitaltomasuribe.gov.co\/web\/wp-content\/uploads\/2023\/12\/RESOLUCION-884-DE-22-DE-DICIEMBRE-DE-2023-APROBACION-PAA-VIGENCIA-2024.pdf\">Resoluci\u00f3n 884 del 22 de diciembre del 2023<\/a><\/li>\n<\/ul>\n<p>&nbsp;<\/p>\n<h1>A\u00d1O 2023<\/h1>\n<ul>\n<li><a href=\"http:\/\/www.hospitaltomasuribe.gov.co\/web\/wp-content\/uploads\/2023\/01\/PLAN-ANUAL-DE-ADQUISICIONES-2023-unido.pdf\">Plan anual de adquisici\u00f3n 2023<\/a><\/li>\n<\/ul>\n<p>&nbsp;<\/p>\n<h1>A\u00d1O 2022<\/h1>\n<ul>\n<li><a href=\"http:\/\/www.hospitaltomasuribe.gov.co\/web\/wp-content\/uploads\/2022\/09\/Plan-anual-de-adquisici\u00f3n-2022.pdf\" target=\"_blank\" rel=\"noopener\">Plan anual de adquisici\u00f3n 2022<\/a><\/li>\n<\/ul>\n","protected":false},"excerpt":{"rendered":"<p>&nbsp; &nbsp; &nbsp; A\u00d1O 2024 Plan anual de adquisici\u00f3n 2024 Resoluci\u00f3n 884 del 22 de diciembre del 2023 &nbsp; A\u00d1O 2023 Plan anual de adquisici\u00f3n 2023 &nbsp; A\u00d1O 2022 Plan anual de adquisici\u00f3n 2022<\/p>\n","protected":false},"author":1,"featured_media":0,"parent":0,"menu_order":0,"comment_status":"closed","ping_status":"closed","template":"","meta":{"om_disable_all_campaigns":false,"_monsterinsights_skip_tracking":false,"_monsterinsights_sitenote_active":false,"_monsterinsights_sitenote_note":"","_monsterinsights_sitenote_category":0,"footnotes":""},"class_list":["post-3268","page","type-page","status-publish","hentry"],"aioseo_notices":[],"_links":{"self":[{"href":"https:\/\/www.hospitaltomasuribe.gov.co\/web\/wp-json\/wp\/v2\/pages\/3268"}],"collection":[{"href":"https:\/\/www.hospitaltomasuribe.gov.co\/web\/wp-json\/wp\/v2\/pages"}],"about":[{"href":"https:\/\/www.hospitaltomasuribe.gov.co\/web\/wp-json\/wp\/v2\/types\/page"}],"author":[{"embeddable":true,"href":"https:\/\/www.hospitaltomasuribe.gov.co\/web\/wp-json\/wp\/v2\/users\/1"}],"replies":[{"embeddable":true,"href":"https:\/\/www.hospitaltomasuribe.gov.co\/web\/wp-json\/wp\/v2\/comments?post=3268"}],"version-history":[{"count":5,"href":"https:\/\/www.hospitaltomasuribe.gov.co\/web\/wp-json\/wp\/v2\/pages\/3268\/revisions"}],"predecessor-version":[{"id":5930,"href":"https:\/\/www.hospitaltomasuribe.gov.co\/web\/wp-json\/wp\/v2\/pages\/3268\/revisions\/5930"}],"wp:attachment":[{"href":"https:\/\/www.hospitaltomasuribe.gov.co\/web\/wp-json\/wp\/v2\/media?parent=3268"}],"curies":[{"name":"wp","href":"https:\/\/api.w.org\/{rel}","templated":true}]}}