{"id":3412,"date":"2022-10-01T02:22:49","date_gmt":"2022-10-01T02:22:49","guid":{"rendered":"http:\/\/www.hospitaltomasuribe.gov.co\/web\/?page_id=3412"},"modified":"2022-12-02T19:16:01","modified_gmt":"2022-12-02T19:16:01","slug":"informacion-para-ninos-ninas-y-adolescentes","status":"publish","type":"page","link":"https:\/\/www.hospitaltomasuribe.gov.co\/web\/informacion-para-ninos-ninas-y-adolescentes\/","title":{"rendered":"Informaci\u00f3n para ni\u00f1os, ni\u00f1as y adolescentes"},"content":{"rendered":"<div class=\"wpb-content-wrapper\"><p>[vc_row][vc_column][vc_column_text]<\/p>\n<h1 style=\"text-align: center;\">AULAS HOSPITALARIAS<\/h1>\n<h2 style=\"text-align: center;\">Hospital Tom\u00e1s Uribe Uribe de Tulu\u00e1 \u201cDe Coraz\u00f3n, M\u00e1s Humanizado\u201d\ud83d\udc99\ud83c\udfe5<\/h2>\n<p>&nbsp;<\/p>\n<h5>Apoyo escolar y emocional de los ni\u00f1os, ni\u00f1as y adolescentes en situaci\u00f3n de enfermedad y\/o incapacidad hospitalaria.<\/h5>\n<p>&nbsp;<\/p>\n<div style=\"width: 960px;\" class=\"wp-video\"><!--[if lt IE 9]><script>document.createElement('video');<\/script><![endif]-->\n<video class=\"wp-video-shortcode\" id=\"video-3412-1\" width=\"960\" height=\"720\" preload=\"metadata\" controls=\"controls\"><source type=\"video\/mp4\" src=\"http:\/\/www.hospitaltomasuribe.gov.co\/web\/wp-content\/uploads\/2022\/11\/Aula-Hospitalaria-\u201cDe-Coraz\u00f3n-M\u00e1s-Humanizado\u201d.mp4?_=1\" \/><a href=\"http:\/\/www.hospitaltomasuribe.gov.co\/web\/wp-content\/uploads\/2022\/11\/Aula-Hospitalaria-\u201cDe-Coraz\u00f3n-M\u00e1s-Humanizado\u201d.mp4\">http:\/\/www.hospitaltomasuribe.gov.co\/web\/wp-content\/uploads\/2022\/11\/Aula-Hospitalaria-\u201cDe-Coraz\u00f3n-M\u00e1s-Humanizado\u201d.mp4<\/a><\/video><\/div>\n<p>&nbsp;<\/p>\n<p>&nbsp;<\/p>\n<p>[\/vc_column_text][vc_images_carousel images=\u00bb3738,3726,3722,3801&#8243; img_size=\u00bbfull\u00bb onclick=\u00bblink_no\u00bb speed=\u00bb4000&#8243; slides_per_view=\u00bb2&#8243; autoplay=\u00bbyes\u00bb hide_pagination_control=\u00bbyes\u00bb hide_prev_next_buttons=\u00bbyes\u00bb partial_view=\u00bbyes\u00bb wrap=\u00bbyes\u00bb title=\u00bbGaleria de Aulas Hospitalarias\u00bb][\/vc_column][\/vc_row]<\/p>\n<\/div>","protected":false},"excerpt":{"rendered":"<p>[vc_row][vc_column][vc_column_text] AULAS HOSPITALARIAS Hospital Tom\u00e1s Uribe Uribe de Tulu\u00e1 \u201cDe Coraz\u00f3n, M\u00e1s Humanizado\u201d\ud83d\udc99\ud83c\udfe5 &nbsp; Apoyo escolar y emocional de los ni\u00f1os, ni\u00f1as y adolescentes en situaci\u00f3n de enfermedad y\/o incapacidad hospitalaria. &nbsp; &nbsp; &nbsp; [\/vc_column_text][vc_images_carousel images=\u00bb3738,3726,3722,3801&#8243; img_size=\u00bbfull\u00bb onclick=\u00bblink_no\u00bb speed=\u00bb4000&#8243; slides_per_view=\u00bb2&#8243; autoplay=\u00bbyes\u00bb hide_pagination_control=\u00bbyes\u00bb hide_prev_next_buttons=\u00bbyes\u00bb partial_view=\u00bbyes\u00bb wrap=\u00bbyes\u00bb title=\u00bbGaleria de Aulas Hospitalarias\u00bb][\/vc_column][\/vc_row]<\/p>\n","protected":false},"author":1,"featured_media":0,"parent":0,"menu_order":0,"comment_status":"closed","ping_status":"closed","template":"","meta":{"om_disable_all_campaigns":false,"_monsterinsights_skip_tracking":false,"_monsterinsights_sitenote_active":false,"_monsterinsights_sitenote_note":"","_monsterinsights_sitenote_category":0,"footnotes":""},"class_list":["post-3412","page","type-page","status-publish","hentry"],"aioseo_notices":[],"_links":{"self":[{"href":"https:\/\/www.hospitaltomasuribe.gov.co\/web\/wp-json\/wp\/v2\/pages\/3412"}],"collection":[{"href":"https:\/\/www.hospitaltomasuribe.gov.co\/web\/wp-json\/wp\/v2\/pages"}],"about":[{"href":"https:\/\/www.hospitaltomasuribe.gov.co\/web\/wp-json\/wp\/v2\/types\/page"}],"author":[{"embeddable":true,"href":"https:\/\/www.hospitaltomasuribe.gov.co\/web\/wp-json\/wp\/v2\/users\/1"}],"replies":[{"embeddable":true,"href":"https:\/\/www.hospitaltomasuribe.gov.co\/web\/wp-json\/wp\/v2\/comments?post=3412"}],"version-history":[{"count":5,"href":"https:\/\/www.hospitaltomasuribe.gov.co\/web\/wp-json\/wp\/v2\/pages\/3412\/revisions"}],"predecessor-version":[{"id":3802,"href":"https:\/\/www.hospitaltomasuribe.gov.co\/web\/wp-json\/wp\/v2\/pages\/3412\/revisions\/3802"}],"wp:attachment":[{"href":"https:\/\/www.hospitaltomasuribe.gov.co\/web\/wp-json\/wp\/v2\/media?parent=3412"}],"curies":[{"name":"wp","href":"https:\/\/api.w.org\/{rel}","templated":true}]}}