{"id":4832,"date":"2023-08-10T14:55:11","date_gmt":"2023-08-10T14:55:11","guid":{"rendered":"http:\/\/www.hospitaltomasuribe.gov.co\/web\/?page_id=4832"},"modified":"2023-08-10T14:55:11","modified_gmt":"2023-08-10T14:55:11","slug":"formulario-actos-anticorrupcion","status":"publish","type":"page","link":"https:\/\/www.hospitaltomasuribe.gov.co\/web\/formulario-actos-anticorrupcion\/","title":{"rendered":"FORMULARIO ACTOS ANTICORRUPCI\u00d3N"},"content":{"rendered":"<div class=\"wpb-content-wrapper\"><p>[vc_row][vc_column width=\u00bb2\/3&#8243;][vc_column_text]<\/p>\n<div class=\"wpcf7 no-js\" id=\"wpcf7-f4831-o1\" lang=\"es-ES\" dir=\"ltr\">\n<div class=\"screen-reader-response\"><p role=\"status\" aria-live=\"polite\" aria-atomic=\"true\"><\/p> <ul><\/ul><\/div>\n<form action=\"\/web\/wp-json\/wp\/v2\/pages\/4832#wpcf7-f4831-o1\" method=\"post\" class=\"wpcf7-form init\" aria-label=\"Formulario de contacto\" enctype=\"multipart\/form-data\" novalidate=\"novalidate\" data-status=\"init\">\n<div style=\"display: none;\">\n<input type=\"hidden\" name=\"_wpcf7\" value=\"4831\" \/>\n<input type=\"hidden\" name=\"_wpcf7_version\" value=\"5.9.8\" \/>\n<input type=\"hidden\" name=\"_wpcf7_locale\" value=\"es_ES\" \/>\n<input type=\"hidden\" name=\"_wpcf7_unit_tag\" value=\"wpcf7-f4831-o1\" \/>\n<input type=\"hidden\" name=\"_wpcf7_container_post\" value=\"0\" \/>\n<input type=\"hidden\" name=\"_wpcf7_posted_data_hash\" value=\"\" \/>\n<\/div>\n<p><label> Se\u00f1or usuario, para realizar una denuncia de un acto de corrupci\u00f3n, diligencia todos los campos, y describa bien el caso, en lo posible con documentos, fotos adjuntas, para validar la veracidad de la informaci\u00f3n, si desea realizar la denuncia de manera an\u00f3nima, puede chequear en el bot\u00f3n para dicha acci\u00f3n [text*] <\/label>\n<\/p>\n<p><label> <\/label>\n<\/p>\n<p><label> * Tama\u00f1o m\u00e1ximo que puede adjuntar por documento es de 5.0 Mb. <\/label>\n<\/p>\n<p><label> <\/label><br \/>\n<b>Desea realizar el tr\u00e1mite como persona an\u00f3nima?<\/b><br \/>\n<input type=\"checkbox\" name=\"check\" id=\"check\" value=\"1\" onchange=\"javascript:showContent()\" \/>\n<\/p>\n<div id=\"content\" style=\"display: block;\">\n\t<p><label> Nombre y Apellidos<br \/>\n<span class=\"wpcf7-form-control-wrap\" data-name=\"Nombre\"><input size=\"40\" maxlength=\"400\" class=\"wpcf7-form-control wpcf7-form-control form-control\" aria-invalid=\"false\" placeholder=\"Introduce tu nombre\" value=\"\" type=\"text\" name=\"Nombre\" \/><\/span> <\/label>\n\t<\/p>\n\t<p><label> Tipo de Identificacion<br \/>\n<span class=\"wpcf7-form-control-wrap\" data-name=\"TipodeIdentificacion\"><select class=\"wpcf7-form-control wpcf7-select wpcf7-validates-as-required\" aria-required=\"true\" aria-invalid=\"false\" name=\"TipodeIdentificacion\"><option value=\"Seleccione tipo de documento\">Seleccione tipo de documento<\/option><option value=\"ADULTO SIN IDENTIFICACION\">ADULTO SIN IDENTIFICACION<\/option><option value=\"CEDULA DE CIUDADANIA\">CEDULA DE CIUDADANIA<\/option><option value=\"CEDULA DE EXTRANJERIA\">CEDULA DE EXTRANJERIA<\/option><option value=\"PASAPORTE\">PASAPORTE<\/option><option value=\"PERMISO ESPECIAL DE PERMANENCIA\">PERMISO ESPECIAL DE PERMANENCIA<\/option><\/select><\/span><\/label>\n\t<\/p>\n\t<p><label> Identificacion (Introducir el n\u00famero sin puntos ni comas)<br \/>\n<span class=\"wpcf7-form-control-wrap\" data-name=\"Identificacion\"><input class=\"wpcf7-form-control wpcf7-number wpcf7-validates-as-number\" aria-invalid=\"false\" placeholder=\"123456789\" value=\"\" type=\"number\" name=\"Identificacion\" \/><\/span><\/label>\n\t<\/p>\n\t<p><label> Tel\u00e9fono<br \/>\n<span class=\"wpcf7-form-control-wrap\" data-name=\"telefono\"><input size=\"40\" maxlength=\"400\" class=\"wpcf7-form-control wpcf7-tel wpcf7-form-control form-control wpcf7-validates-as-tel\" aria-invalid=\"false\" placeholder=\"Introduce tu n\u00famero de tel\u00e9fono fijo o celular\" value=\"\" type=\"tel\" name=\"telefono\" \/><\/span><\/label>\n\t<\/p>\n\t<p><label> Correo electr\u00f3nico (requerido)<br \/>\n<span class=\"wpcf7-form-control-wrap\" data-name=\"Correo\"><input size=\"40\" maxlength=\"400\" class=\"wpcf7-form-control wpcf7-form-control form-control wpcf7-validates-as-required wpcf7-form-control form-control wpcf7-validates-as-email\" aria-required=\"true\" aria-invalid=\"false\" placeholder=\"tucorreo@tucorreo.com\" value=\"\" type=\"email\" name=\"Correo\" \/><\/span> <\/label>\n\t<\/p>\n<\/div>\n<p><label> \u00bfUsted pretende denunciar alg\u00fan acto de corrupci\u00f3n cometido por un servidor p\u00fablico, contratista, colaborador o asociado?<br \/>\n<span class=\"wpcf7-form-control-wrap\" data-name=\"ServidorPublico\"><select class=\"wpcf7-form-control wpcf7-select wpcf7-validates-as-required\" aria-required=\"true\" aria-invalid=\"false\" name=\"ServidorPublico\"><option value=\"Seleccione seg\u00fan corresponda\">Seleccione seg\u00fan corresponda<\/option><option value=\"SI\">SI<\/option><option value=\"NO\">NO<\/option><\/select><\/span><\/label>\n<\/p>\n<p><label> <\/label>\n<\/p>\n<p><label> Seleccione el acto de corrupci\u00f3n a denunciar<br \/>\n<span class=\"wpcf7-form-control-wrap\" data-name=\"Actodenunciar\"><select class=\"wpcf7-form-control wpcf7-select wpcf7-validates-as-required\" aria-required=\"true\" aria-invalid=\"false\" name=\"Actodenunciar\"><option value=\"Seleccione seg\u00fan el caso a denunciar\">Seleccione seg\u00fan el caso a denunciar<\/option><option value=\"PECULADO\">PECULADO<\/option><option value=\"CONCUSI\u00d3N\">CONCUSI\u00d3N<\/option><option value=\"COHECHO\">COHECHO<\/option><option value=\"CELEBRACI\u00d3N INDEBIDA DE CONTRATOS\">CELEBRACI\u00d3N INDEBIDA DE CONTRATOS<\/option><option value=\"TRAFICO DE INFLUENCIAS\">TRAFICO DE INFLUENCIAS<\/option><option value=\"ENRIQUECIMIENTO IL\u00cdCITO\">ENRIQUECIMIENTO IL\u00cdCITO<\/option><option value=\"PREVARICATO\">PREVARICATO<\/option><option value=\"ABUSO DE AUTORIDAD\">ABUSO DE AUTORIDAD<\/option><option value=\"OMISI\u00d3N DE ACITVOS, DEFRAUDACI\u00d3N Y PROMOCI\u00d3N DE EVASI\u00d3N TRIBUTARIA\">OMISI\u00d3N DE ACITVOS, DEFRAUDACI\u00d3N Y PROMOCI\u00d3N DE EVASI\u00d3N TRIBUTARIA<\/option><option value=\"UTILIZACI\u00d3N INDEBIDA DE INFORMACI\u00d3N E INFLUENCIAS DERIVADAS DEL EJERCICIO DE LA FUNCI\u00d3N P\u00daBLICA\">UTILIZACI\u00d3N INDEBIDA DE INFORMACI\u00d3N E INFLUENCIAS DERIVADAS DEL EJERCICIO DE LA FUNCI\u00d3N P\u00daBLICA<\/option><option value=\"DELITOS CONTRA LOS SERVIDORES P\u00daBLICOS, VIOLENCIA, OBSTRUCCI\u00d3N A LA FUNCI\u00d3N P\u00daBLICA, PERTURBACI\u00d3N DE ACTOS OFICIALES\">DELITOS CONTRA LOS SERVIDORES P\u00daBLICOS, VIOLENCIA, OBSTRUCCI\u00d3N A LA FUNCI\u00d3N P\u00daBLICA, PERTURBACI\u00d3N DE ACTOS OFICIALES<\/option><option value=\"USURPACI\u00d3N Y ABUSO DE FUNCIONES\">USURPACI\u00d3N Y ABUSO DE FUNCIONES<\/option><\/select><\/span><\/label>\n<\/p>\n<p><label> <\/label>\n<\/p>\n<p><label> Desripcion del delito (requerido)<br \/>\n<span class=\"wpcf7-form-control-wrap\" data-name=\"Mensaje\"><textarea cols=\"40\" rows=\"10\" maxlength=\"2000\" class=\"wpcf7-form-control wpcf7-form-control wpcf7-form-control form-control wpcf7-validates-as-required\" aria-required=\"true\" aria-invalid=\"false\" placeholder=\"Introduce tu denuncia lo m\u00e1s berve y conciso posible.\" name=\"Mensaje\"><\/textarea><\/span> <\/label>\n<\/p>\n<p><label>Si desea adjuntar documentos o imagenes lo puede realizar en la siguinte secci\u00f3n <\/label>\n<\/p>\n<p><span class=\"wpcf7-form-control-wrap\" data-name=\"Adjunto1\"><input size=\"40\" class=\"wpcf7-form-control wpcf7-file\" accept=\".jpg,.jpeg,.png,.doc,.docx,.pdf\" aria-invalid=\"false\" type=\"file\" name=\"Adjunto1\" \/><\/span>\n<\/p>\n<p><span class=\"wpcf7-form-control-wrap\" data-name=\"Adjunto2\"><input size=\"40\" class=\"wpcf7-form-control wpcf7-file\" accept=\".jpg,.jpeg,.png,.doc,.docx,.pdf\" aria-invalid=\"false\" type=\"file\" name=\"Adjunto2\" \/><\/span>\n<\/p>\n<p><label> <\/label>\n<\/p>\n<p><label><span class=\"wpcf7-form-control-wrap\" data-name=\"acceptance-525\"><span class=\"wpcf7-form-control wpcf7-acceptance\"><span class=\"wpcf7-list-item\"><input type=\"checkbox\" name=\"acceptance-525\" value=\"1\" aria-invalid=\"false\" \/><\/span><\/span><\/span> Al hacer clic en el bot\u00f3n enviar, usted acepta la remisi\u00f3n de la denuncia del acto de corrupci\u00f3n al Hospital Departamental Tomas Uribe Uribe de Tulu\u00e1 sus datos ser\u00e1n recolectados y tratados conforme con la <a title=\"Politica de Tratamiento de Datos\" href=\"http:\/\/www.hospitaltomasuribe.gov.co\/web\/wp-content\/uploads\/2023\/01\/Aviso-de-privacidad-y-tratamiento-de-datos-personales-2023.pdf\" target=\"_blank\" rel=\"noopener\">Politica de Tratamiento de Datos<\/a><\/label>\n<\/p>\n<p><label> <\/label>\n<\/p>\n<p>[recaptcha]\n<\/p>\n<p><label> <\/label>\n<\/p>\n<p><input class=\"wpcf7-form-control wpcf7-submit btn btn-primary has-spinner\" type=\"submit\" value=\"Enviar\" \/>\n<\/p><div class=\"wpcf7-response-output\" aria-hidden=\"true\"><\/div>\n<\/form>\n<\/div>\n[\/vc_column_text][\/vc_column][vc_column width=\u00bb1\/3&#8243;][vc_column_text]<\/p>\n<h4>HOSPITAL DEPARTAMENTAL TOM\u00c1S URIBE URIBE<\/h4>\n<div class=\"textwidget\">\n<p>Calle 27 # 38 &#8211; 02 esquina. Tulu\u00e1 &#8211; Valle Del Cauca.<\/p>\n<p>Nos pueden llamar al siguiente n\u00famero y extensi\u00f3n para denunciar un acto de anticorrupci\u00f3n<\/p>\n<p><strong>Anticorrupci\u00f3n:<\/strong> (60 2) 2317333 <strong>EXT<\/strong>:121<\/p>\n<p>Nos pueden enviar un correo electr\u00f3nico.<\/p>\n<p>anticorrupcion@hospitaltomasuribe.gov.co<\/p>\n<p><strong>Tel\u00e9fono:<\/strong>\u00a0(60 2) 2317333<\/p>\n<p><strong>Notificaciones Judiciales:<\/strong><\/p>\n<p>notificacionesjudiciales@hospitaltomasuribe.gov.co<\/p>\n<p><strong>Atenci\u00f3n al Usuario:\u00a0<\/strong><\/p>\n<p>atencionusuario@hospitaltomasuribe.gov.co<\/p>\n<p><strong>Citas:\u00a0<\/strong>Lunes a viernes de 7:00 am A 5:00 pm<\/p>\n<p>solicitudcitas@hospitaltomasuribe.gov.co \u2013\u00a03246482717<\/p>\n<\/div>\n<p>&nbsp;<\/p>\n<p><strong>HORARIOS<\/strong><\/p>\n<p><strong>Urgencias:<\/strong>\u00a024 HORAS<br \/>\n<strong>Consulta Externa:<\/strong>\u00a0Lunes a Viernes 06:00 a.m &#8211; 05:00 p.m<br \/>\n<strong>Citas Especialistas:<\/strong>\u00a0Lunes a viernes de 7:00 am A 5:00 pm<br \/>\n<strong>Vacunaci\u00f3n:<\/strong>\u00a0Lunes a jueves 7:30 am A 12:00 pm y 1:00 pm A 4.00 pm<br \/>\nViernes \u2013 7:30 am A 12:00 PM y 1:00 A 3:00 pm[\/vc_column_text][\/vc_column][\/vc_row]<\/p>\n<\/div>","protected":false},"excerpt":{"rendered":"<p>[vc_row][vc_column width=\u00bb2\/3&#8243;][vc_column_text] [\/vc_column_text][\/vc_column][vc_column width=\u00bb1\/3&#8243;][vc_column_text] HOSPITAL DEPARTAMENTAL TOM\u00c1S URIBE URIBE Calle 27 # 38 &#8211; 02 esquina. Tulu\u00e1 &#8211; Valle Del Cauca. Nos pueden llamar al siguiente n\u00famero y extensi\u00f3n para denunciar un acto de anticorrupci\u00f3n Anticorrupci\u00f3n: (60 2) 2317333 EXT:121 Nos pueden enviar un correo electr\u00f3nico. anticorrupcion@hospitaltomasuribe.gov.co Tel\u00e9fono:\u00a0(60 2) 2317333 Notificaciones Judiciales: notificacionesjudiciales@hospitaltomasuribe.gov.co Atenci\u00f3n al&hellip; <a class=\"continue\" href=\"https:\/\/www.hospitaltomasuribe.gov.co\/web\/formulario-actos-anticorrupcion\/\">seguir leyendo<span> FORMULARIO ACTOS ANTICORRUPCI\u00d3N<\/span><\/a><\/p>\n","protected":false},"author":1,"featured_media":0,"parent":0,"menu_order":0,"comment_status":"closed","ping_status":"closed","template":"","meta":{"om_disable_all_campaigns":false,"_monsterinsights_skip_tracking":false,"_monsterinsights_sitenote_active":false,"_monsterinsights_sitenote_note":"","_monsterinsights_sitenote_category":0,"footnotes":""},"class_list":["post-4832","page","type-page","status-publish","hentry"],"aioseo_notices":[],"_links":{"self":[{"href":"https:\/\/www.hospitaltomasuribe.gov.co\/web\/wp-json\/wp\/v2\/pages\/4832"}],"collection":[{"href":"https:\/\/www.hospitaltomasuribe.gov.co\/web\/wp-json\/wp\/v2\/pages"}],"about":[{"href":"https:\/\/www.hospitaltomasuribe.gov.co\/web\/wp-json\/wp\/v2\/types\/page"}],"author":[{"embeddable":true,"href":"https:\/\/www.hospitaltomasuribe.gov.co\/web\/wp-json\/wp\/v2\/users\/1"}],"replies":[{"embeddable":true,"href":"https:\/\/www.hospitaltomasuribe.gov.co\/web\/wp-json\/wp\/v2\/comments?post=4832"}],"version-history":[{"count":4,"href":"https:\/\/www.hospitaltomasuribe.gov.co\/web\/wp-json\/wp\/v2\/pages\/4832\/revisions"}],"predecessor-version":[{"id":4836,"href":"https:\/\/www.hospitaltomasuribe.gov.co\/web\/wp-json\/wp\/v2\/pages\/4832\/revisions\/4836"}],"wp:attachment":[{"href":"https:\/\/www.hospitaltomasuribe.gov.co\/web\/wp-json\/wp\/v2\/media?parent=4832"}],"curies":[{"name":"wp","href":"https:\/\/api.w.org\/{rel}","templated":true}]}}